{"id":1543,"date":"2024-07-12T00:22:27","date_gmt":"2024-07-12T00:22:27","guid":{"rendered":"https:\/\/traderspro.com.pe\/?page_id=1543"},"modified":"2024-07-25T19:20:06","modified_gmt":"2024-07-26T00:20:06","slug":"nosotros","status":"publish","type":"page","link":"https:\/\/traderspro.com.pe\/index.php\/nosotros\/","title":{"rendered":"Nosotros"},"content":{"rendered":"\n<div class=\"wp-block-cover alignfull has-text-color has-link-color has-xx-large-font-size wp-elements-65be353c94c6a741889909d8e5d21d17\" style=\"color:#1b2347;margin-top:0;margin-bottom:0;padding-top:0;padding-bottom:0;min-height:200px;aspect-ratio:unset;\"><span aria-hidden=\"true\" class=\"wp-block-cover__background has-base-2-background-color has-background-dim-0 has-background-dim\"><\/span><img fetchpriority=\"high\" decoding=\"async\" width=\"1920\" height=\"764\" class=\"wp-block-cover__image-background wp-image-1892\" alt=\"\" src=\"https:\/\/traderspro.com.pe\/wp-content\/uploads\/2024\/07\/containers-8676518_1920.jpg\" data-object-fit=\"cover\" srcset=\"https:\/\/traderspro.com.pe\/wp-content\/uploads\/2024\/07\/containers-8676518_1920.jpg 1920w, https:\/\/traderspro.com.pe\/wp-content\/uploads\/2024\/07\/containers-8676518_1920-300x119.jpg 300w, https:\/\/traderspro.com.pe\/wp-content\/uploads\/2024\/07\/containers-8676518_1920-1024x407.jpg 1024w, https:\/\/traderspro.com.pe\/wp-content\/uploads\/2024\/07\/containers-8676518_1920-768x306.jpg 768w, https:\/\/traderspro.com.pe\/wp-content\/uploads\/2024\/07\/containers-8676518_1920-1536x611.jpg 1536w\" sizes=\"(max-width: 1920px) 100vw, 1920px\" \/><div class=\"wp-block-cover__inner-container is-layout-flow wp-container-core-cover-is-layout-8f7da706 wp-block-cover-is-layout-flow\">\n<p class=\"has-text-align-center has-text-color has-link-color has-system-sans-serif-font-family wp-elements-de5e3e7fc00a07d90a121a228a1baedb\" style=\"color:#1b2347;font-size:clamp(2.2rem, 2.2rem + ((1vw - 0.2rem) * 3), 4rem);\"><\/p>\n<\/div><\/div>\n\n\n\n<div class=\"wp-block-group alignwide has-base-2-background-color has-background is-layout-flow wp-block-group-is-layout-flow\" style=\"padding-top:6vw;padding-right:6vw;padding-bottom:6vw;padding-left:6vw\">\n<div class=\"wp-block-group is-vertical is-nowrap is-layout-flex wp-container-core-group-is-layout-36fd9ea3 wp-block-group-is-layout-flex\" style=\"padding-right:0;padding-left:0\">\n<p class=\"has-text-align-left has-text-color has-system-sans-serif-font-family wp-container-content-9cfa9a5a\" style=\"color:#1b2347;font-size:3vw;font-style:normal;font-weight:700;letter-spacing:0px;line-height:0.9;text-transform:capitalize\">Nosotros<\/p>\n<\/div>\n\n\n\n<div style=\"height:1vw\" aria-hidden=\"true\" class=\"wp-block-spacer\"><\/div>\n\n\n\n<div class=\"wp-block-group alignwide is-vertical is-nowrap is-layout-flex wp-container-core-group-is-layout-7946b6b8 wp-block-group-is-layout-flex\" style=\"padding-top:0;padding-right:0;padding-bottom:0;padding-left:0\">\n<div class=\"wp-block-columns alignwide is-layout-flex wp-container-core-columns-is-layout-21b20327 wp-block-columns-is-layout-flex\">\n<div class=\"wp-block-column is-layout-flow wp-block-column-is-layout-flow\" style=\"flex-basis:33.38%\">\n<p class=\"has-text-color has-system-sans-serif-font-family\" style=\"color:#1b2347;font-size:clamp(24.034px, 1.502rem + ((1vw - 3.2px) * 1.663), 40px);\"><strong>Misi\u00f3n<\/strong><\/p>\n\n\n\n<p class=\"has-text-color has-system-sans-serif-font-family\" style=\"color:#1b2347;font-size:clamp(14px, 0.875rem + ((1vw - 3.2px) * 0.625), 20px);\">Nuestra misi\u00f3n es asesorar, organizar y coordinar la mejor soluci\u00f3n para el despacho internacional, respaldando a nuestros clientes en cada fase del servicio log\u00edstico.<\/p>\n<\/div>\n\n\n\n<div class=\"wp-block-column is-layout-flow wp-block-column-is-layout-flow\" style=\"flex-basis:33%\">\n<div style=\"height:50px\" aria-hidden=\"true\" class=\"wp-block-spacer\"><\/div>\n\n\n\n<figure class=\"wp-block-image size-large\"><img decoding=\"async\" width=\"1024\" height=\"769\" src=\"https:\/\/traderspro.com.pe\/wp-content\/uploads\/2024\/07\/Final-4-1024x769.png\" alt=\"\" class=\"wp-image-1985\" style=\"box-shadow:var(--wp--preset--shadow--deep)\" srcset=\"https:\/\/traderspro.com.pe\/wp-content\/uploads\/2024\/07\/Final-4-1024x769.png 1024w, https:\/\/traderspro.com.pe\/wp-content\/uploads\/2024\/07\/Final-4-300x225.png 300w, https:\/\/traderspro.com.pe\/wp-content\/uploads\/2024\/07\/Final-4-768x577.png 768w, https:\/\/traderspro.com.pe\/wp-content\/uploads\/2024\/07\/Final-4-1536x1153.png 1536w, https:\/\/traderspro.com.pe\/wp-content\/uploads\/2024\/07\/Final-4-2048x1538.png 2048w\" sizes=\"(max-width: 1024px) 100vw, 1024px\" \/><\/figure>\n<\/div>\n\n\n\n<div class=\"wp-block-column is-layout-flow wp-block-column-is-layout-flow\" style=\"flex-basis:33.62%\">\n<figure class=\"wp-block-image size-large\"><img decoding=\"async\" width=\"1024\" height=\"769\" src=\"https:\/\/traderspro.com.pe\/wp-content\/uploads\/2024\/07\/sunset-4055837_1280-1024x769.jpg\" alt=\"\" class=\"wp-image-1863\" style=\"box-shadow:var(--wp--preset--shadow--deep);aspect-ratio:4\/3;object-fit:cover\" srcset=\"https:\/\/traderspro.com.pe\/wp-content\/uploads\/2024\/07\/sunset-4055837_1280-1024x769.jpg 1024w, https:\/\/traderspro.com.pe\/wp-content\/uploads\/2024\/07\/sunset-4055837_1280-300x225.jpg 300w, https:\/\/traderspro.com.pe\/wp-content\/uploads\/2024\/07\/sunset-4055837_1280-768x577.jpg 768w, https:\/\/traderspro.com.pe\/wp-content\/uploads\/2024\/07\/sunset-4055837_1280.jpg 1280w\" sizes=\"(max-width: 1024px) 100vw, 1024px\" \/><\/figure>\n<\/div>\n<\/div>\n\n\n\n<div class=\"wp-block-columns alignwide is-layout-flex wp-container-core-columns-is-layout-c24efe4f wp-block-columns-is-layout-flex\">\n<div class=\"wp-block-column is-vertically-aligned-center is-layout-flow wp-block-column-is-layout-flow\" style=\"flex-basis:33%\">\n<p class=\"has-text-color has-system-sans-serif-font-family\" style=\"color:#1b2347;font-size:clamp(24.034px, 1.502rem + ((1vw - 3.2px) * 1.663), 40px);\"><strong>Visi\u00f3n<\/strong><\/p>\n\n\n\n<p class=\"has-text-color has-system-sans-serif-font-family\" style=\"color:#1b2347;font-size:clamp(14px, 0.875rem + ((1vw - 3.2px) * 0.625), 20px);\">Ser el operador log\u00edstico l\u00edder en el mercado peruano, reconocido por la calidad de nuestros servicios y asesor\u00eda. Satisfacemos con eficiencia y profesionalismo las necesidades y expectativas de nuestros clientes en toda la cadena log\u00edstica.<\/p>\n<\/div>\n\n\n\n<div class=\"wp-block-column is-layout-flow wp-block-column-is-layout-flow\" style=\"flex-basis:69%\">\n<figure class=\"wp-block-image size-large has-custom-border\"><img loading=\"lazy\" decoding=\"async\" width=\"1024\" height=\"574\" src=\"https:\/\/traderspro.com.pe\/wp-content\/uploads\/2024\/07\/factory-8858790_1280-1024x574.jpg\" alt=\"\" class=\"wp-image-1864\" style=\"border-style:none;border-width:0px;box-shadow:var(--wp--preset--shadow--deep)\" srcset=\"https:\/\/traderspro.com.pe\/wp-content\/uploads\/2024\/07\/factory-8858790_1280-1024x574.jpg 1024w, https:\/\/traderspro.com.pe\/wp-content\/uploads\/2024\/07\/factory-8858790_1280-300x168.jpg 300w, https:\/\/traderspro.com.pe\/wp-content\/uploads\/2024\/07\/factory-8858790_1280-768x430.jpg 768w, https:\/\/traderspro.com.pe\/wp-content\/uploads\/2024\/07\/factory-8858790_1280.jpg 1280w\" sizes=\"(max-width: 1024px) 100vw, 1024px\" \/><\/figure>\n<\/div>\n<\/div>\n<\/div>\n<\/div>\n","protected":false},"excerpt":{"rendered":"<p>Nosotros Misi\u00f3n Nuestra misi\u00f3n es asesorar, organizar y coordinar la mejor soluci\u00f3n para el despacho internacional, respaldando a nuestros clientes en cada fase del servicio log\u00edstico. Visi\u00f3n Ser el operador log\u00edstico l\u00edder en el mercado peruano, reconocido por la calidad de nuestros servicios y asesor\u00eda. Satisfacemos con eficiencia y profesionalismo las necesidades y expectativas de [&hellip;]<\/p>\n","protected":false},"author":1,"featured_media":0,"parent":0,"menu_order":0,"comment_status":"closed","ping_status":"closed","template":"page-no-title","meta":{"_joinchat":[],"footnotes":""},"class_list":["post-1543","page","type-page","status-publish","hentry"],"_links":{"self":[{"href":"https:\/\/traderspro.com.pe\/index.php\/wp-json\/wp\/v2\/pages\/1543","targetHints":{"allow":["GET"]}}],"collection":[{"href":"https:\/\/traderspro.com.pe\/index.php\/wp-json\/wp\/v2\/pages"}],"about":[{"href":"https:\/\/traderspro.com.pe\/index.php\/wp-json\/wp\/v2\/types\/page"}],"author":[{"embeddable":true,"href":"https:\/\/traderspro.com.pe\/index.php\/wp-json\/wp\/v2\/users\/1"}],"replies":[{"embeddable":true,"href":"https:\/\/traderspro.com.pe\/index.php\/wp-json\/wp\/v2\/comments?post=1543"}],"version-history":[{"count":2,"href":"https:\/\/traderspro.com.pe\/index.php\/wp-json\/wp\/v2\/pages\/1543\/revisions"}],"predecessor-version":[{"id":1987,"href":"https:\/\/traderspro.com.pe\/index.php\/wp-json\/wp\/v2\/pages\/1543\/revisions\/1987"}],"wp:attachment":[{"href":"https:\/\/traderspro.com.pe\/index.php\/wp-json\/wp\/v2\/media?parent=1543"}],"curies":[{"name":"wp","href":"https:\/\/api.w.org\/{rel}","templated":true}]}}